{"id":285,"date":"2017-09-18T12:23:01","date_gmt":"2017-09-18T12:23:01","guid":{"rendered":"http:\/\/demo.mysterythemes.com\/news-portal-pro\/?page_id=5"},"modified":"2017-09-18T12:23:01","modified_gmt":"2017-09-18T12:23:01","slug":"home","status":"publish","type":"page","link":"https:\/\/dev-wp.sieuma.com\/","title":{"rendered":"Home"},"content":{"rendered":"\t\t<div data-elementor-type=\"wp-page\" data-elementor-id=\"285\" class=\"elementor elementor-285\">\n\t\t\t\t\t\t<section class=\"elementor-section elementor-top-section elementor-element elementor-element-5462a529 elementor-section-full_width elementor-section-height-default elementor-section-height-default\" data-id=\"5462a529\" data-element_type=\"section\" data-e-type=\"section\">\n\t\t\t\t\t\t<div class=\"elementor-container elementor-column-gap-default\">\n\t\t\t\t\t<div class=\"elementor-column elementor-col-50 elementor-top-column elementor-element elementor-element-e8915ad\" data-id=\"e8915ad\" data-element_type=\"column\" data-e-type=\"column\">\n\t\t\t<div class=\"elementor-widget-wrap elementor-element-populated\">\n\t\t\t\t\t\t<div class=\"elementor-element elementor-element-2effd616 elementor-widget elementor-widget-post-grid\" data-id=\"2effd616\" data-element_type=\"widget\" data-e-type=\"widget\" data-widget_type=\"post-grid.default\">\n\t\t\t\t<div class=\"elementor-widget-container\">\n\t\t\t\t\t<div id=\"wpmagazine-modules-lite-post-grid-block-2effd616\" class=\"wpmagazine-modules-lite-post-grid-block block-2effd616 cvmm-block cvmm-block-post-grid--layout-default\"><h2 class=\"cvmm-block-title layout--default\"><span>Sports News<\/span><\/h2>    <div class=\"cvmm-post-wrapper cvmm-post--imagemargin column--three\">\r\n        <\/div><!-- #wpmagazine-modules-lite-post-grid-block -->\t\t\t\t<\/div>\n\t\t\t\t<\/div>\n\t\t\t\t<div class=\"elementor-element elementor-element-1597d639 elementor-widget elementor-widget-post-block\" data-id=\"1597d639\" data-element_type=\"widget\" data-e-type=\"widget\" data-widget_type=\"post-block.default\">\n\t\t\t\t<div class=\"elementor-widget-container\">\n\t\t\t\t\t<div id=\"wpmagazine-modules-lite-post-block--block-1597d639\" class=\"wpmagazine-modules-lite-post-block--block block-1597d639 cvmm-block cvmm-block-post-block--layout-two\"><h2 class=\"cvmm-block-title layout--default\"><span>Political News<\/span><\/h2>    <div class=\"cvmm-post-wrapper\">\r\n        <\/div><!-- #wpmagazine-modules-lite-post-block--block -->\t\t\t\t<\/div>\n\t\t\t\t<\/div>\n\t\t\t\t\t<\/div>\n\t\t<\/div>\n\t\t\t\t<div class=\"elementor-column elementor-col-50 elementor-top-column elementor-element elementor-element-3f18d189\" data-id=\"3f18d189\" data-element_type=\"column\" data-e-type=\"column\">\n\t\t\t<div class=\"elementor-widget-wrap elementor-element-populated\">\n\t\t\t\t\t\t<div class=\"elementor-element elementor-element-321635ac elementor-widget elementor-widget-timeline\" data-id=\"321635ac\" data-element_type=\"widget\" data-e-type=\"widget\" data-widget_type=\"timeline.default\">\n\t\t\t\t<div class=\"elementor-widget-container\">\n\t\t\t\t\t        <div id=\"wpmagazine-modules-lite-timeline-block-321635ac\" class=\"wpmagazine-modules-lite-timeline-block block-321635ac cvmm-block cvmm-block-timeline--layout-one\">\r\n            <h2 class=\"cvmm-block-title layout--default\"><span>Timeline News<\/span><\/h2><div class=\"cvmm-timeline-wrapper\">\r\n                            <div class=\"cvmm-timeline-single-item\">\r\n                                                            <div class=\"cvmm-timeline-count\">\r\n                                                                                <figure class=\"cvmm-post-thumb\">\r\n                                                <img decoding=\"async\" src=\"https:\/\/images.unsplash.com\/photo-1461896836934-ffe607ba8211?q=80&#038;w=1740&#038;auto=format&#038;fit=crop&#038;ixlib=rb-4.1.0&#038;ixid=M3wxMjA3fDB8MHxwaG90by1wYWdlfHx8fGVufDB8fHx8fA%3D%3D\" \/>\r\n                                            <\/figure>\r\n                                                                    <\/div>\r\n                                                        <div class=\"cvmm-timeline-allcontent-wrap\">\r\n                                <div class=\"cvmm-timeline-date\">\r\n                                    July 18, 2023                                <\/div>\r\n                                <div class=\"cvmm-timeline-content-wrap\">\r\n                                                                            <div class=\"cvmm-timeline-title\">\r\n                                            <a href=\"https:\/\/dev-wp.sieuma.com\/?p=583\" target=\"_blank\" >Hu\u1ea5n Luy\u1ec7n Vi\u00ean Th\u1ec3 H\u00ecnh T\u1ed1t Nh\u1ea5t: C\u00e1ch Ch\u1ecdn V\u00e0 T\u00ecm HLV Ph\u00f9 H\u1ee3p V\u1edbi B\u1ea1n<\/a>\r\n                                        <\/div>\r\n                                                                                                        <\/div>\r\n                            <\/div><!-- .cvmm-timeline-allcontent-wrap -->\r\n                        <\/div>\r\n                                            <div class=\"cvmm-timeline-single-item\">\r\n                                                            <div class=\"cvmm-timeline-count\">\r\n                                                                                <figure class=\"cvmm-post-thumb\">\r\n                                                <img decoding=\"async\" src=\"https:\/\/images.unsplash.com\/photo-1461896836934-ffe607ba8211?q=80&#038;w=1740&#038;auto=format&#038;fit=crop&#038;ixlib=rb-4.1.0&#038;ixid=M3wxMjA3fDB8MHxwaG90by1wYWdlfHx8fGVufDB8fHx8fA%3D%3D\" \/>\r\n                                            <\/figure>\r\n                                                                    <\/div>\r\n                                                        <div class=\"cvmm-timeline-allcontent-wrap\">\r\n                                <div class=\"cvmm-timeline-date\">\r\n                                    July 18, 2023                                <\/div>\r\n                                <div class=\"cvmm-timeline-content-wrap\">\r\n                                                                            <div class=\"cvmm-timeline-title\">\r\n                                            <a href=\"https:\/\/dev-wp.sieuma.com\/?p=84\" target=\"_blank\" >Best Trainer For Body Building<\/a>\r\n                                        <\/div>\r\n                                                                                                        <\/div>\r\n                            <\/div><!-- .cvmm-timeline-allcontent-wrap -->\r\n                        <\/div>\r\n                    <\/div>        <\/div><!-- #wpmagazine-modules-lite-banner-block -->\r\n    \t\t\t\t<\/div>\n\t\t\t\t<\/div>\n\t\t\t\t<div class=\"elementor-element elementor-element-5426e3d8 elementor-widget elementor-widget-image\" data-id=\"5426e3d8\" data-element_type=\"widget\" data-e-type=\"widget\" data-widget_type=\"image.default\">\n\t\t\t\t\t\t\t\t\t\t\t\t\t\t\t<img decoding=\"async\" src=\"http:\/\/preview.mysterythemes.com\/color-magazinex\/wp-content\/uploads\/sites\/7\/2023\/08\/ads-rect-min.png\" title=\"\" alt=\"\" loading=\"lazy\" \/>\t\t\t\t\t\t\t\t\t\t\t\t\t\t\t<\/div>\n\t\t\t\t<div class=\"elementor-element elementor-element-6ddbf75 elementor-widget elementor-widget-post-list\" data-id=\"6ddbf75\" data-element_type=\"widget\" data-e-type=\"widget\" data-widget_type=\"post-list.default\">\n\t\t\t\t<div class=\"elementor-widget-container\">\n\t\t\t\t\t<div id=\"wpmagazine-modules-lite-post-list-block-6ddbf75\" class=\"wpmagazine-modules-lite-post-list-block block-6ddbf75 cvmm-block cvmm-block-post-list--layout-default\"><h2 class=\"cvmm-block-title layout--default\"><span>Random News<\/span><\/h2>    <div class=\"cvmm-post-wrapper cvmm-post--imagemargin column--one\">\r\n                        <article post-id=\"post-583\" class=\"cvmm-post post-format--standard\" itemscope itemtype=\"http:\/\/schema.org\/articleBody\">\r\n                                                <div class=\"cvmm-post-thumb\">\r\n                                <a href=\"https:\/\/dev-wp.sieuma.com\/?p=583\" target=\"_blank\"><img decoding=\"async\" src=\"https:\/\/images.unsplash.com\/photo-1461896836934-ffe607ba8211?q=80&#038;w=1740&#038;auto=format&#038;fit=crop&#038;ixlib=rb-4.1.0&#038;ixid=M3wxMjA3fDB8MHxwaG90by1wYWdlfHx8fGVufDB8fHx8fA%3D%3D\" alt=\"Hu\u1ea5n Luy\u1ec7n Vi\u00ean Th\u1ec3 H\u00ecnh T\u1ed1t Nh\u1ea5t: C\u00e1ch Ch\u1ecdn V\u00e0 T\u00ecm HLV Ph\u00f9 H\u1ee3p V\u1edbi B\u1ea1n\"\/><\/a>\r\n                            <\/div>\r\n                    \r\n                <div class=\"cvmm-post-content-all-wrapper\">\r\n                                                <h2 class=\"cvmm-post-title\">\r\n                                <a href=\"https:\/\/dev-wp.sieuma.com\/?p=583\" target=\"_blank\">\r\n                                    Hu\u1ea5n Luy\u1ec7n Vi\u00ean Th\u1ec3 H\u00ecnh T\u1ed1t Nh\u1ea5t: C\u00e1ch Ch\u1ecdn V\u00e0 T\u00ecm HLV Ph\u00f9 H\u1ee3p V\u1edbi B\u1ea1n                                <\/a>\r\n                            <\/h2>\r\n                    \r\n                    <div class=\"cvmm-post-meta cvmm-meta-icon-show\">\r\n                        <span class=\"cvmm-post-date cvmm-post-meta-item\" itemprop=\"datePublished\"><a href=\"https:\/\/dev-wp.sieuma.com\/?p=583\" target=\"_blank\">July 18, 2023<\/a><\/span>                    <\/div>\r\n                    \r\n                <\/div><!-- .cvmm-post-content-all-wrapper --> \r\n            <\/article>\r\n                        <article post-id=\"post-84\" class=\"cvmm-post post-format--standard\" itemscope itemtype=\"http:\/\/schema.org\/articleBody\">\r\n                                                <div class=\"cvmm-post-thumb\">\r\n                                <a href=\"https:\/\/dev-wp.sieuma.com\/?p=84\" target=\"_blank\"><img decoding=\"async\" src=\"https:\/\/images.unsplash.com\/photo-1461896836934-ffe607ba8211?q=80&#038;w=1740&#038;auto=format&#038;fit=crop&#038;ixlib=rb-4.1.0&#038;ixid=M3wxMjA3fDB8MHxwaG90by1wYWdlfHx8fGVufDB8fHx8fA%3D%3D\" alt=\"Best Trainer For Body Building\"\/><\/a>\r\n                            <\/div>\r\n                    \r\n                <div class=\"cvmm-post-content-all-wrapper\">\r\n                                                <h2 class=\"cvmm-post-title\">\r\n                                <a href=\"https:\/\/dev-wp.sieuma.com\/?p=84\" target=\"_blank\">\r\n                                    Best Trainer For Body Building                                <\/a>\r\n                            <\/h2>\r\n                    \r\n                    <div class=\"cvmm-post-meta cvmm-meta-icon-show\">\r\n                        <span class=\"cvmm-post-date cvmm-post-meta-item\" itemprop=\"datePublished\"><a href=\"https:\/\/dev-wp.sieuma.com\/?p=84\" target=\"_blank\">July 18, 2023<\/a><\/span>                    <\/div>\r\n                    \r\n                <\/div><!-- .cvmm-post-content-all-wrapper --> \r\n            <\/article>\r\n            <\/div><\/div><!-- #wpmagazine-modules-lite-post-list-block -->\t\t\t\t<\/div>\n\t\t\t\t<\/div>\n\t\t\t\t\t<\/div>\n\t\t<\/div>\n\t\t\t\t\t<\/div>\n\t\t<\/section>\n\t\t\t\t<section class=\"elementor-section elementor-top-section elementor-element elementor-element-3bd12a4f elementor-section-full_width elementor-section-height-default elementor-section-height-default\" data-id=\"3bd12a4f\" data-element_type=\"section\" data-e-type=\"section\">\n\t\t\t\t\t\t<div class=\"elementor-container elementor-column-gap-default\">\n\t\t\t\t\t<div class=\"elementor-column elementor-col-100 elementor-top-column elementor-element elementor-element-6a4657f6\" data-id=\"6a4657f6\" data-element_type=\"column\" data-e-type=\"column\">\n\t\t\t<div class=\"elementor-widget-wrap elementor-element-populated\">\n\t\t\t\t\t\t<div class=\"elementor-element elementor-element-a3927f9 elementor-widget elementor-widget-category-collection\" data-id=\"a3927f9\" data-element_type=\"widget\" data-e-type=\"widget\" data-widget_type=\"category-collection.default\">\n\t\t\t\t<div class=\"elementor-widget-container\">\n\t\t\t\t\t<div id=\"wpmagazine-modules-lite-category-collection-block-a3927f9\" class=\"wpmagazine-modules-lite-category-collection-block block-a3927f9 cvmm-block cvmm-block-category-collection--layout-default\"><h2 class=\"cvmm-block-title layout--default\"><span>News Collection<\/span><\/h2>    <div class=\"cvmm-cats-wrapper cvmm-post--imagemargin column--four\">\r\n            <\/div><\/div><!-- #wpmagazine-modules-lite-category-collection-block -->\t\t\t\t<\/div>\n\t\t\t\t<\/div>\n\t\t\t\t\t<\/div>\n\t\t<\/div>\n\t\t\t\t\t<\/div>\n\t\t<\/section>\n\t\t\t\t<section class=\"elementor-section elementor-top-section elementor-element elementor-element-5d0d293 elementor-section-full_width elementor-section-height-default elementor-section-height-default\" data-id=\"5d0d293\" data-element_type=\"section\" data-e-type=\"section\">\n\t\t\t\t\t\t<div class=\"elementor-container elementor-column-gap-default\">\n\t\t\t\t\t<div class=\"elementor-column elementor-col-50 elementor-top-column elementor-element elementor-element-11cbb1a5\" data-id=\"11cbb1a5\" data-element_type=\"column\" data-e-type=\"column\">\n\t\t\t<div class=\"elementor-widget-wrap elementor-element-populated\">\n\t\t\t\t\t\t<div class=\"elementor-element elementor-element-179feb5e elementor-widget elementor-widget-post-grid\" data-id=\"179feb5e\" data-element_type=\"widget\" data-e-type=\"widget\" data-widget_type=\"post-grid.default\">\n\t\t\t\t<div class=\"elementor-widget-container\">\n\t\t\t\t\t<div id=\"wpmagazine-modules-lite-post-grid-block-179feb5e\" class=\"wpmagazine-modules-lite-post-grid-block block-179feb5e cvmm-block cvmm-block-post-grid--layout-one\"><h2 class=\"cvmm-block-title layout--default\"><span>Lifestyle<\/span><\/h2>    <div class=\"cvmm-post-wrapper cvmm-post--imagemargin column--three\">\r\n        <\/div><!-- #wpmagazine-modules-lite-post-grid-block -->\t\t\t\t<\/div>\n\t\t\t\t<\/div>\n\t\t\t\t\t<\/div>\n\t\t<\/div>\n\t\t\t\t<div class=\"elementor-column elementor-col-50 elementor-top-column elementor-element elementor-element-437aaafd\" data-id=\"437aaafd\" data-element_type=\"column\" data-e-type=\"column\">\n\t\t\t<div class=\"elementor-widget-wrap elementor-element-populated\">\n\t\t\t\t\t\t<div class=\"elementor-element elementor-element-ca40b6b elementor-widget elementor-widget-timeline\" data-id=\"ca40b6b\" data-element_type=\"widget\" data-e-type=\"widget\" data-widget_type=\"timeline.default\">\n\t\t\t\t<div class=\"elementor-widget-container\">\n\t\t\t\t\t        <div id=\"wpmagazine-modules-lite-timeline-block-ca40b6b\" class=\"wpmagazine-modules-lite-timeline-block block-ca40b6b cvmm-block cvmm-block-timeline--layout-default\">\r\n            <h2 class=\"cvmm-block-title layout--default\"><span>Latest News<\/span><\/h2><div class=\"cvmm-timeline-wrapper\">\r\n                            <div class=\"cvmm-timeline-single-item\">\r\n                                                        <div class=\"cvmm-timeline-count\">\r\n                                                                                <figure class=\"cvmm-post-thumb\">\r\n                                                <img decoding=\"async\" src=\"https:\/\/images.unsplash.com\/photo-1461896836934-ffe607ba8211?q=80&#038;w=1740&#038;auto=format&#038;fit=crop&#038;ixlib=rb-4.1.0&#038;ixid=M3wxMjA3fDB8MHxwaG90by1wYWdlfHx8fGVufDB8fHx8fA%3D%3D\" \/>\r\n                                            <\/figure>\r\n                                                                    <\/div>\r\n                                                    <div class=\"cvmm-timeline-allcontent-wrap\">\r\n                                <div class=\"cvmm-timeline-date\">\r\n                                    July 18, 2023                                <\/div>\r\n                                <div class=\"cvmm-timeline-content-wrap\">\r\n                                                                                <div class=\"cvmm-timeline-title\">\r\n                                                <a href=\"https:\/\/dev-wp.sieuma.com\/?p=583\" target=\"_blank\" >Hu\u1ea5n Luy\u1ec7n Vi\u00ean Th\u1ec3 H\u00ecnh T\u1ed1t Nh\u1ea5t: C\u00e1ch Ch\u1ecdn V\u00e0 T\u00ecm HLV Ph\u00f9 H\u1ee3p V\u1edbi B\u1ea1n<\/a>\r\n                                            <\/div>\r\n                                                                                                        <\/div>\r\n                            <\/div><!-- .cvmm-timeline-allcontent-wrap -->\r\n                        <\/div>\r\n                                            <div class=\"cvmm-timeline-single-item\">\r\n                                                        <div class=\"cvmm-timeline-count\">\r\n                                                                                <figure class=\"cvmm-post-thumb\">\r\n                                                <img decoding=\"async\" src=\"https:\/\/images.unsplash.com\/photo-1461896836934-ffe607ba8211?q=80&#038;w=1740&#038;auto=format&#038;fit=crop&#038;ixlib=rb-4.1.0&#038;ixid=M3wxMjA3fDB8MHxwaG90by1wYWdlfHx8fGVufDB8fHx8fA%3D%3D\" \/>\r\n                                            <\/figure>\r\n                                                                    <\/div>\r\n                                                    <div class=\"cvmm-timeline-allcontent-wrap\">\r\n                                <div class=\"cvmm-timeline-date\">\r\n                                    July 18, 2023                                <\/div>\r\n                                <div class=\"cvmm-timeline-content-wrap\">\r\n                                                                                <div class=\"cvmm-timeline-title\">\r\n                                                <a href=\"https:\/\/dev-wp.sieuma.com\/?p=84\" target=\"_blank\" >Best Trainer For Body Building<\/a>\r\n                                            <\/div>\r\n                                                                                                        <\/div>\r\n                            <\/div><!-- .cvmm-timeline-allcontent-wrap -->\r\n                        <\/div>\r\n                    <\/div>        <\/div><!-- #wpmagazine-modules-lite-banner-block -->\r\n    \t\t\t\t<\/div>\n\t\t\t\t<\/div>\n\t\t\t\t<div class=\"elementor-element elementor-element-d518306 elementor-widget elementor-widget-video\" data-id=\"d518306\" data-element_type=\"widget\" data-e-type=\"widget\" data-settings=\"{&quot;youtube_url&quot;:&quot;https:\\\/\\\/www.youtube.com\\\/watch?v=XHOmBV4js_E&quot;,&quot;video_type&quot;:&quot;youtube&quot;,&quot;controls&quot;:&quot;yes&quot;}\" data-widget_type=\"video.default\">\n\t\t\t\t\t\t\t<div class=\"elementor-wrapper elementor-open-inline\">\n\t\t\t<div class=\"elementor-video\"><\/div>\t\t<\/div>\n\t\t\t\t\t\t<\/div>\n\t\t\t\t\t<\/div>\n\t\t<\/div>\n\t\t\t\t\t<\/div>\n\t\t<\/section>\n\t\t\t\t<section class=\"elementor-section elementor-top-section elementor-element elementor-element-b616e99 elementor-section-full_width elementor-section-height-default elementor-section-height-default\" data-id=\"b616e99\" data-element_type=\"section\" data-e-type=\"section\" data-settings=\"{&quot;background_background&quot;:&quot;classic&quot;}\">\n\t\t\t\t\t\t<div class=\"elementor-container elementor-column-gap-default\">\n\t\t\t\t\t<div class=\"elementor-column elementor-col-100 elementor-top-column elementor-element elementor-element-7336a6d1\" data-id=\"7336a6d1\" data-element_type=\"column\" data-e-type=\"column\">\n\t\t\t<div class=\"elementor-widget-wrap elementor-element-populated\">\n\t\t\t\t\t\t<div class=\"elementor-element elementor-element-46bd9168 elementor-widget elementor-widget-post-carousel\" data-id=\"46bd9168\" data-element_type=\"widget\" data-e-type=\"widget\" data-widget_type=\"post-carousel.default\">\n\t\t\t\t<div class=\"elementor-widget-container\">\n\t\t\t\t\t<div id=\"wpmagazine-modules-lite-post-carousel-block-46bd9168\" class=\"wpmagazine-modules-lite-post-carousel-block block-46bd9168 cvmm-block cvmm-block-post-carousel--layout-one\"><h2 class=\"cvmm-block-title layout--default\"><span>Editor Picks<\/span><\/h2>    <div class=\"cvmm-post-wrapper cvmm-post-carousel-wrapper cvmm-post--imagemargin\"  data-dots=0 data-loop=1 data-control=0 data-auto=1 data-type=0 data-speed=3500 data-column=4>\r\n        <\/div><!-- #wpmagazine-modules-lite-post-carousel-block -->\t\t\t\t<\/div>\n\t\t\t\t<\/div>\n\t\t\t\t\t<\/div>\n\t\t<\/div>\n\t\t\t\t\t<\/div>\n\t\t<\/section>\n\t\t\t\t<\/div>\n\t\t","protected":false},"excerpt":{"rendered":"<p>Sports News Best Trainer For Body Building July 18, 2023AdminSports Read more Women Hockey Championship In USA July 18, 2023AdminSports Read more Top Tips For Making Lean Body July 18, 2023AdminHealthSports Read more Top 10 Awesome &amp; Daring Sports July 18, 2023AdminSports Read more Cycling Competition Held In Spain July 18, 2023AdminHealthSports Read more Jogging [&hellip;]<\/p>\n","protected":false},"author":1,"featured_media":0,"parent":0,"menu_order":0,"comment_status":"closed","ping_status":"closed","template":"","meta":{"footnotes":""},"class_list":["post-285","page","type-page","status-publish","hentry"],"wpmagazine_modules_lite_featured_media_urls":{"thumbnail":"","cvmm-medium":"","cvmm-medium-plus":"","cvmm-portrait":"","cvmm-medium-square":"","cvmm-large":"","cvmm-small":"","full":""},"categories_names":null,"comments_number":"0","_links":{"self":[{"href":"https:\/\/dev-wp.sieuma.com\/index.php?rest_route=\/wp\/v2\/pages\/285","targetHints":{"allow":["GET"]}}],"collection":[{"href":"https:\/\/dev-wp.sieuma.com\/index.php?rest_route=\/wp\/v2\/pages"}],"about":[{"href":"https:\/\/dev-wp.sieuma.com\/index.php?rest_route=\/wp\/v2\/types\/page"}],"author":[{"embeddable":true,"href":"https:\/\/dev-wp.sieuma.com\/index.php?rest_route=\/wp\/v2\/users\/1"}],"replies":[{"embeddable":true,"href":"https:\/\/dev-wp.sieuma.com\/index.php?rest_route=%2Fwp%2Fv2%2Fcomments&post=285"}],"version-history":[{"count":0,"href":"https:\/\/dev-wp.sieuma.com\/index.php?rest_route=\/wp\/v2\/pages\/285\/revisions"}],"wp:attachment":[{"href":"https:\/\/dev-wp.sieuma.com\/index.php?rest_route=%2Fwp%2Fv2%2Fmedia&parent=285"}],"curies":[{"name":"wp","href":"https:\/\/api.w.org\/{rel}","templated":true}]}}